{"id":1009,"date":"2026-03-31T12:20:37","date_gmt":"2026-03-31T12:20:37","guid":{"rendered":"https:\/\/baie-plast.com\/?page_id=1009"},"modified":"2026-03-31T12:27:29","modified_gmt":"2026-03-31T12:27:29","slug":"mentions-legales","status":"publish","type":"page","link":"https:\/\/baie-plast.com\/index.php\/mentions-legales\/","title":{"rendered":"Mentions l\u00e9gales"},"content":{"rendered":"\t\t<div data-elementor-type=\"wp-page\" data-elementor-id=\"1009\" class=\"elementor elementor-1009\">\n\t\t\t\t\t\t<section class=\"elementor-section elementor-top-section elementor-element elementor-element-53ee6596 elementor-section-full_width elementor-section-height-default elementor-section-height-default wpr-particle-no wpr-jarallax-no wpr-parallax-no wpr-sticky-section-no\" data-id=\"53ee6596\" data-element_type=\"section\" data-e-type=\"section\" data-settings=\"{&quot;background_background&quot;:&quot;classic&quot;}\">\n\t\t\t\t\t\t<div class=\"elementor-container elementor-column-gap-default\">\n\t\t\t\t\t<div class=\"elementor-column elementor-col-100 elementor-top-column elementor-element elementor-element-a007fe8\" data-id=\"a007fe8\" data-element_type=\"column\" data-e-type=\"column\">\n\t\t\t<div class=\"elementor-widget-wrap elementor-element-populated\">\n\t\t\t\t\t\t<div class=\"elementor-element elementor-element-ed79d5d elementor-widget elementor-widget-ekit-nav-menu\" data-id=\"ed79d5d\" data-element_type=\"widget\" data-e-type=\"widget\" data-widget_type=\"ekit-nav-menu.default\">\n\t\t\t\t<div class=\"elementor-widget-container\">\n\t\t\t\t\t\t\t<nav class=\"ekit-wid-con ekit_menu_responsive_tablet\" \n\t\t\tdata-hamburger-icon=\"\" \n\t\t\tdata-hamburger-icon-type=\"icon\" \n\t\t\tdata-responsive-breakpoint=\"1024\">\n\t\t\t            <button class=\"elementskit-menu-hamburger elementskit-menu-toggler\"  type=\"button\" aria-label=\"hamburger-icon\">\n                                    <span class=\"elementskit-menu-hamburger-icon\"><\/span><span class=\"elementskit-menu-hamburger-icon\"><\/span><span class=\"elementskit-menu-hamburger-icon\"><\/span>\n                            <\/button>\n            <div id=\"ekit-megamenu-menu-bp\" class=\"elementskit-menu-container elementskit-menu-offcanvas-elements elementskit-navbar-nav-default ekit-nav-menu-one-page-no ekit-nav-dropdown-hover\"><ul id=\"menu-menu-bp\" class=\"elementskit-navbar-nav elementskit-menu-po-center submenu-click-on-icon\"><li id=\"menu-item-529\" class=\"menu-item menu-item-type-post_type menu-item-object-page menu-item-home menu-item-529 nav-item elementskit-mobile-builder-content\" data-vertical-menu=750px><a href=\"https:\/\/baie-plast.com\/\" class=\"ekit-menu-nav-link\">Accueil<\/a><\/li>\n<li id=\"menu-item-557\" class=\"menu-item menu-item-type-post_type menu-item-object-page menu-item-557 nav-item elementskit-mobile-builder-content\" data-vertical-menu=750px><a href=\"https:\/\/baie-plast.com\/index.php\/alu\/\" class=\"ekit-menu-nav-link\">ALU<\/a><\/li>\n<li id=\"menu-item-530\" class=\"menu-item menu-item-type-post_type menu-item-object-page menu-item-530 nav-item elementskit-mobile-builder-content\" data-vertical-menu=750px><a href=\"https:\/\/baie-plast.com\/index.php\/accueil\/pvc\/\" class=\"ekit-menu-nav-link\">PVC<\/a><\/li>\n<li id=\"menu-item-676\" class=\"menu-item menu-item-type-post_type menu-item-object-page menu-item-676 nav-item elementskit-mobile-builder-content\" data-vertical-menu=750px><a href=\"https:\/\/baie-plast.com\/index.php\/volets-roulants\/\" class=\"ekit-menu-nav-link\">Volets roulants<\/a><\/li>\n<li id=\"menu-item-675\" class=\"menu-item menu-item-type-post_type menu-item-object-page menu-item-675 nav-item elementskit-mobile-builder-content\" data-vertical-menu=750px><a href=\"https:\/\/baie-plast.com\/index.php\/produits-complementaires\/\" class=\"ekit-menu-nav-link\">Produits compl\u00e9mentaires<\/a><\/li>\n<li id=\"menu-item-851\" class=\"menu-item menu-item-type-post_type menu-item-object-page menu-item-851 nav-item elementskit-mobile-builder-content\" data-vertical-menu=750px><a href=\"https:\/\/baie-plast.com\/index.php\/portes\/\" class=\"ekit-menu-nav-link\">Portes<\/a><\/li>\n<li id=\"menu-item-983\" class=\"menu-item menu-item-type-post_type menu-item-object-page menu-item-983 nav-item elementskit-mobile-builder-content\" data-vertical-menu=750px><a href=\"https:\/\/baie-plast.com\/index.php\/vitrages\/\" class=\"ekit-menu-nav-link\">Vitrages<\/a><\/li>\n<li id=\"menu-item-531\" class=\"menu-item menu-item-type-post_type menu-item-object-page menu-item-531 nav-item elementskit-mobile-builder-content\" data-vertical-menu=750px><a href=\"https:\/\/baie-plast.com\/index.php\/acces-pro-technique\/\" class=\"ekit-menu-nav-link\">Acc\u00e8s PRO \u2013 Technique<\/a><\/li>\n<\/ul><div class=\"elementskit-nav-identity-panel\"><button class=\"elementskit-menu-close elementskit-menu-toggler\" type=\"button\">X<\/button><\/div><\/div>\t\t\t\n\t\t\t<div class=\"elementskit-menu-overlay elementskit-menu-offcanvas-elements elementskit-menu-toggler ekit-nav-menu--overlay\"><\/div>        <\/nav>\n\t\t\t\t\t\t<\/div>\n\t\t\t\t<\/div>\n\t\t\t\t\t<\/div>\n\t\t<\/div>\n\t\t\t\t\t<\/div>\n\t\t<\/section>\n\t\t<div class=\"elementor-element elementor-element-fc41685 e-flex e-con-boxed wpr-particle-no wpr-jarallax-no wpr-parallax-no wpr-sticky-section-no e-con e-parent\" data-id=\"fc41685\" data-element_type=\"container\" data-e-type=\"container\">\n\t\t\t\t\t<div class=\"e-con-inner\">\n\t\t\t\t<div class=\"elementor-element elementor-element-dfbbff7 elementor-widget elementor-widget-heading\" data-id=\"dfbbff7\" data-element_type=\"widget\" data-e-type=\"widget\" data-widget_type=\"heading.default\">\n\t\t\t\t\t<h2 class=\"elementor-heading-title elementor-size-default\">Mentions l\u00e9gales<\/h2>\t\t\t\t<\/div>\n\t\t\t\t\t<\/div>\n\t\t\t\t<\/div>\n\t\t\t\t<section class=\"elementor-section elementor-top-section elementor-element elementor-element-6c378d8 elementor-section-boxed elementor-section-height-default elementor-section-height-default wpr-particle-no wpr-jarallax-no wpr-parallax-no wpr-sticky-section-no\" data-id=\"6c378d8\" data-element_type=\"section\" data-e-type=\"section\" data-settings=\"{&quot;background_background&quot;:&quot;classic&quot;}\">\n\t\t\t\t\t\t<div class=\"elementor-container elementor-column-gap-default\">\n\t\t\t\t\t<div class=\"elementor-column elementor-col-100 elementor-top-column elementor-element elementor-element-ae10d5f\" data-id=\"ae10d5f\" data-element_type=\"column\" data-e-type=\"column\">\n\t\t\t<div class=\"elementor-widget-wrap elementor-element-populated\">\n\t\t\t\t\t\t<div class=\"elementor-element elementor-element-3f6b3cd elementor-widget elementor-widget-text-editor\" data-id=\"3f6b3cd\" data-element_type=\"widget\" data-e-type=\"widget\" data-widget_type=\"text-editor.default\">\n\t\t\t\t\t\t\t\t\t<p><strong>\u00c9diteur du site<\/strong><br \/>Le pr\u00e9sent site est \u00e9dit\u00e9 par : Baie Plast<br \/>Statut : Entreprise<br \/>Adresse : 31 Chem. du Recou, 69520 Grigny-sur-Rh\u00f4ne<br \/>SIRET : 35122813500015<br \/>Email : contact@baie-plast.fr<br \/>T\u00e9l\u00e9phone : 04 78 07 97 03<\/p>\t\t\t\t\t\t\t\t<\/div>\n\t\t\t\t<div class=\"elementor-element elementor-element-4e6e70a elementor-widget elementor-widget-text-editor\" data-id=\"4e6e70a\" data-element_type=\"widget\" data-e-type=\"widget\" data-widget_type=\"text-editor.default\">\n\t\t\t\t\t\t\t\t\t<p><strong>Prestataire<\/strong><br \/>Cr\u00e9ation technique et design par : EI Karine Colnel &#8211; STUDIO TECH\u2019AILES<br \/>Statut : Auto-entrepreneur<br \/>Adresse : 390 chemin de Chateaubourg 69390 Millery<br \/>SIRET : 49088054900020<br \/>Email : contact@tech-ailes.com<\/p>\t\t\t\t\t\t\t\t<\/div>\n\t\t\t\t<div class=\"elementor-element elementor-element-488a667 elementor-widget elementor-widget-text-editor\" data-id=\"488a667\" data-element_type=\"widget\" data-e-type=\"widget\" data-widget_type=\"text-editor.default\">\n\t\t\t\t\t\t\t\t\t<p><strong>H\u00e9bergement<\/strong><br \/>Le site est h\u00e9berg\u00e9 par : OVH<br \/>2 rue Kellermann 59100 Roubaix<\/p>\t\t\t\t\t\t\t\t<\/div>\n\t\t\t\t<div class=\"elementor-element elementor-element-ebf6757 elementor-widget elementor-widget-text-editor\" data-id=\"ebf6757\" data-element_type=\"widget\" data-e-type=\"widget\" data-widget_type=\"text-editor.default\">\n\t\t\t\t\t\t\t\t\t<p><strong>Propri\u00e9t\u00e9 intellectuelle<\/strong><br \/>L\u2019ensemble du contenu pr\u00e9sent sur ce site (textes, images, graphismes, logo, videos) est la propri\u00e9t\u00e9 exclusive de Studio Tech\u2019Ailes, sauf mention contraire.<br \/>Toute reproduction, distribution ou utilisation sans autorisation est strictement interdite.<\/p>\t\t\t\t\t\t\t\t<\/div>\n\t\t\t\t<div class=\"elementor-element elementor-element-54ac6e9 elementor-widget elementor-widget-text-editor\" data-id=\"54ac6e9\" data-element_type=\"widget\" data-e-type=\"widget\" data-widget_type=\"text-editor.default\">\n\t\t\t\t\t\t\t\t\t<p><strong>Responsabilit\u00e9<\/strong><br \/>Studio Tech\u2019Ailes s\u2019efforce de fournir des informations aussi pr\u00e9cises que possible.<br \/>Toutefois, il ne pourra \u00eatre tenu responsable des omissions, inexactitudes ou carences dans la mise \u00e0 jour.<\/p>\t\t\t\t\t\t\t\t<\/div>\n\t\t\t\t<div class=\"elementor-element elementor-element-b425d28 elementor-widget elementor-widget-text-editor\" data-id=\"b425d28\" data-element_type=\"widget\" data-e-type=\"widget\" data-widget_type=\"text-editor.default\">\n\t\t\t\t\t\t\t\t\t<p><strong>Donn\u00e9es personnelles<\/strong><br \/>Les informations relatives \u00e0 la collecte et au traitement des donn\u00e9es personnelles sont d\u00e9taill\u00e9es dans la politique de confidentialit\u00e9 accessible sur le site.<\/p>\t\t\t\t\t\t\t\t<\/div>\n\t\t\t\t<div class=\"elementor-element elementor-element-4d3f0fa elementor-widget elementor-widget-text-editor\" data-id=\"4d3f0fa\" data-element_type=\"widget\" data-e-type=\"widget\" data-widget_type=\"text-editor.default\">\n\t\t\t\t\t\t\t\t\t<p><strong>Cookies<\/strong><br \/>Le site peut utiliser des cookies. Pour en savoir plus consulter la politique de cookies.<\/p>\t\t\t\t\t\t\t\t<\/div>\n\t\t\t\t\t<\/div>\n\t\t<\/div>\n\t\t\t\t\t<\/div>\n\t\t<\/section>\n\t\t\t\t<\/div>\n\t\t","protected":false},"excerpt":{"rendered":"<p>Accueil ALU PVC Volets roulants Produits compl\u00e9mentaires Portes Vitrages Acc\u00e8s PRO \u2013 Technique Mentions l\u00e9gales X Mentions l\u00e9gales \u00c9diteur du siteLe pr\u00e9sent site est \u00e9dit\u00e9 par : Baie PlastStatut : EntrepriseAdresse : 31 Chem. du Recou, 69520 Grigny-sur-Rh\u00f4neSIRET : 35122813500015Email : contact@baie-plast.frT\u00e9l\u00e9phone : 04 78 07 97 03 PrestataireCr\u00e9ation technique et design par : EI Karine Colnel &#8211; STUDIO TECH\u2019AILESStatut : Auto-entrepreneurAdresse : 390 chemin de Chateaubourg 69390 MillerySIRET : 49088054900020Email : contact@tech-ailes.com H\u00e9bergementLe site est h\u00e9berg\u00e9 par : OVH2 rue Kellermann 59100 Roubaix Propri\u00e9t\u00e9 intellectuelleL\u2019ensemble du contenu pr\u00e9sent sur ce site (textes, images, graphismes, logo, videos) est la propri\u00e9t\u00e9 exclusive de Studio Tech\u2019Ailes, sauf mention contraire.Toute reproduction, distribution ou utilisation sans autorisation est strictement interdite. Responsabilit\u00e9Studio Tech\u2019Ailes s\u2019efforce de fournir des informations aussi pr\u00e9cises que possible.Toutefois, il ne pourra \u00eatre tenu responsable des omissions, inexactitudes ou carences dans la mise \u00e0 jour. Donn\u00e9es personnellesLes informations relatives \u00e0 la collecte et au traitement des donn\u00e9es personnelles sont d\u00e9taill\u00e9es dans la politique de confidentialit\u00e9 accessible sur le site. CookiesLe site peut utiliser des cookies. Pour en savoir plus consulter la politique de cookies.<\/p>\n","protected":false},"author":1,"featured_media":0,"parent":0,"menu_order":0,"comment_status":"closed","ping_status":"closed","template":"","meta":{"footnotes":""},"class_list":["post-1009","page","type-page","status-publish","hentry"],"_links":{"self":[{"href":"https:\/\/baie-plast.com\/index.php\/wp-json\/wp\/v2\/pages\/1009","targetHints":{"allow":["GET"]}}],"collection":[{"href":"https:\/\/baie-plast.com\/index.php\/wp-json\/wp\/v2\/pages"}],"about":[{"href":"https:\/\/baie-plast.com\/index.php\/wp-json\/wp\/v2\/types\/page"}],"author":[{"embeddable":true,"href":"https:\/\/baie-plast.com\/index.php\/wp-json\/wp\/v2\/users\/1"}],"replies":[{"embeddable":true,"href":"https:\/\/baie-plast.com\/index.php\/wp-json\/wp\/v2\/comments?post=1009"}],"version-history":[{"count":4,"href":"https:\/\/baie-plast.com\/index.php\/wp-json\/wp\/v2\/pages\/1009\/revisions"}],"predecessor-version":[{"id":1014,"href":"https:\/\/baie-plast.com\/index.php\/wp-json\/wp\/v2\/pages\/1009\/revisions\/1014"}],"wp:attachment":[{"href":"https:\/\/baie-plast.com\/index.php\/wp-json\/wp\/v2\/media?parent=1009"}],"curies":[{"name":"wp","href":"https:\/\/api.w.org\/{rel}","templated":true}]}}