{"id":1026,"date":"2026-03-31T12:42:02","date_gmt":"2026-03-31T12:42:02","guid":{"rendered":"https:\/\/baie-plast.com\/?page_id=1026"},"modified":"2026-03-31T12:51:24","modified_gmt":"2026-03-31T12:51:24","slug":"politique-de-confidentialite","status":"publish","type":"page","link":"https:\/\/baie-plast.com\/index.php\/politique-de-confidentialite\/","title":{"rendered":"Politique de confidentialit\u00e9"},"content":{"rendered":"\t\t<div data-elementor-type=\"wp-page\" data-elementor-id=\"1026\" class=\"elementor elementor-1026\">\n\t\t\t\t\t\t<section class=\"elementor-section elementor-top-section elementor-element elementor-element-53ee6596 elementor-section-full_width elementor-section-height-default elementor-section-height-default wpr-particle-no wpr-jarallax-no wpr-parallax-no wpr-sticky-section-no\" data-id=\"53ee6596\" data-element_type=\"section\" data-e-type=\"section\" data-settings=\"{&quot;background_background&quot;:&quot;classic&quot;}\">\n\t\t\t\t\t\t<div class=\"elementor-container elementor-column-gap-default\">\n\t\t\t\t\t<div class=\"elementor-column elementor-col-100 elementor-top-column elementor-element elementor-element-a007fe8\" data-id=\"a007fe8\" data-element_type=\"column\" data-e-type=\"column\">\n\t\t\t<div class=\"elementor-widget-wrap elementor-element-populated\">\n\t\t\t\t\t\t<div class=\"elementor-element elementor-element-ed79d5d elementor-widget elementor-widget-ekit-nav-menu\" data-id=\"ed79d5d\" data-element_type=\"widget\" data-e-type=\"widget\" data-widget_type=\"ekit-nav-menu.default\">\n\t\t\t\t<div class=\"elementor-widget-container\">\n\t\t\t\t\t\t\t<nav class=\"ekit-wid-con ekit_menu_responsive_tablet\" \n\t\t\tdata-hamburger-icon=\"\" \n\t\t\tdata-hamburger-icon-type=\"icon\" \n\t\t\tdata-responsive-breakpoint=\"1024\">\n\t\t\t            <button class=\"elementskit-menu-hamburger elementskit-menu-toggler\"  type=\"button\" aria-label=\"hamburger-icon\">\n                                    <span class=\"elementskit-menu-hamburger-icon\"><\/span><span class=\"elementskit-menu-hamburger-icon\"><\/span><span class=\"elementskit-menu-hamburger-icon\"><\/span>\n                            <\/button>\n            <div id=\"ekit-megamenu-menu-bp\" class=\"elementskit-menu-container elementskit-menu-offcanvas-elements elementskit-navbar-nav-default ekit-nav-menu-one-page-no ekit-nav-dropdown-hover\"><ul id=\"menu-menu-bp\" class=\"elementskit-navbar-nav elementskit-menu-po-center submenu-click-on-icon\"><li id=\"menu-item-529\" class=\"menu-item menu-item-type-post_type menu-item-object-page menu-item-home menu-item-529 nav-item elementskit-mobile-builder-content\" data-vertical-menu=750px><a href=\"https:\/\/baie-plast.com\/\" class=\"ekit-menu-nav-link\">Accueil<\/a><\/li>\n<li id=\"menu-item-557\" class=\"menu-item menu-item-type-post_type menu-item-object-page menu-item-557 nav-item elementskit-mobile-builder-content\" data-vertical-menu=750px><a href=\"https:\/\/baie-plast.com\/index.php\/alu\/\" class=\"ekit-menu-nav-link\">ALU<\/a><\/li>\n<li id=\"menu-item-530\" class=\"menu-item menu-item-type-post_type menu-item-object-page menu-item-530 nav-item elementskit-mobile-builder-content\" data-vertical-menu=750px><a href=\"https:\/\/baie-plast.com\/index.php\/accueil\/pvc\/\" class=\"ekit-menu-nav-link\">PVC<\/a><\/li>\n<li id=\"menu-item-676\" class=\"menu-item menu-item-type-post_type menu-item-object-page menu-item-676 nav-item elementskit-mobile-builder-content\" data-vertical-menu=750px><a href=\"https:\/\/baie-plast.com\/index.php\/volets-roulants\/\" class=\"ekit-menu-nav-link\">Volets roulants<\/a><\/li>\n<li id=\"menu-item-675\" class=\"menu-item menu-item-type-post_type menu-item-object-page menu-item-675 nav-item elementskit-mobile-builder-content\" data-vertical-menu=750px><a href=\"https:\/\/baie-plast.com\/index.php\/produits-complementaires\/\" class=\"ekit-menu-nav-link\">Produits compl\u00e9mentaires<\/a><\/li>\n<li id=\"menu-item-851\" class=\"menu-item menu-item-type-post_type menu-item-object-page menu-item-851 nav-item elementskit-mobile-builder-content\" data-vertical-menu=750px><a href=\"https:\/\/baie-plast.com\/index.php\/portes\/\" class=\"ekit-menu-nav-link\">Portes<\/a><\/li>\n<li id=\"menu-item-983\" class=\"menu-item menu-item-type-post_type menu-item-object-page menu-item-983 nav-item elementskit-mobile-builder-content\" data-vertical-menu=750px><a href=\"https:\/\/baie-plast.com\/index.php\/vitrages\/\" class=\"ekit-menu-nav-link\">Vitrages<\/a><\/li>\n<li id=\"menu-item-531\" class=\"menu-item menu-item-type-post_type menu-item-object-page menu-item-531 nav-item elementskit-mobile-builder-content\" data-vertical-menu=750px><a href=\"https:\/\/baie-plast.com\/index.php\/acces-pro-technique\/\" class=\"ekit-menu-nav-link\">Acc\u00e8s PRO \u2013 Technique<\/a><\/li>\n<\/ul><div class=\"elementskit-nav-identity-panel\"><button class=\"elementskit-menu-close elementskit-menu-toggler\" type=\"button\">X<\/button><\/div><\/div>\t\t\t\n\t\t\t<div class=\"elementskit-menu-overlay elementskit-menu-offcanvas-elements elementskit-menu-toggler ekit-nav-menu--overlay\"><\/div>        <\/nav>\n\t\t\t\t\t\t<\/div>\n\t\t\t\t<\/div>\n\t\t\t\t\t<\/div>\n\t\t<\/div>\n\t\t\t\t\t<\/div>\n\t\t<\/section>\n\t\t<div class=\"elementor-element elementor-element-fc41685 e-flex e-con-boxed wpr-particle-no wpr-jarallax-no wpr-parallax-no wpr-sticky-section-no e-con e-parent\" data-id=\"fc41685\" data-element_type=\"container\" data-e-type=\"container\">\n\t\t\t\t\t<div class=\"e-con-inner\">\n\t\t\t\t<div class=\"elementor-element elementor-element-dfbbff7 elementor-widget elementor-widget-heading\" data-id=\"dfbbff7\" data-element_type=\"widget\" data-e-type=\"widget\" data-widget_type=\"heading.default\">\n\t\t\t\t\t<h2 class=\"elementor-heading-title elementor-size-default\">Politique de confidentialit\u00e9<\/h2>\t\t\t\t<\/div>\n\t\t\t\t\t<\/div>\n\t\t\t\t<\/div>\n\t\t\t\t<section class=\"elementor-section elementor-top-section elementor-element elementor-element-6c378d8 elementor-section-boxed elementor-section-height-default elementor-section-height-default wpr-particle-no wpr-jarallax-no wpr-parallax-no wpr-sticky-section-no\" data-id=\"6c378d8\" data-element_type=\"section\" data-e-type=\"section\" data-settings=\"{&quot;background_background&quot;:&quot;classic&quot;}\">\n\t\t\t\t\t\t<div class=\"elementor-container elementor-column-gap-default\">\n\t\t\t\t\t<div class=\"elementor-column elementor-col-100 elementor-top-column elementor-element elementor-element-ae10d5f\" data-id=\"ae10d5f\" data-element_type=\"column\" data-e-type=\"column\">\n\t\t\t<div class=\"elementor-widget-wrap elementor-element-populated\">\n\t\t\t\t\t\t<div class=\"elementor-element elementor-element-3f6b3cd elementor-widget elementor-widget-text-editor\" data-id=\"3f6b3cd\" data-element_type=\"widget\" data-e-type=\"widget\" data-widget_type=\"text-editor.default\">\n\t\t\t\t\t\t\t\t\t<p><strong>Introduction<\/strong><br \/>La pr\u00e9sente politique de confidentialit\u00e9 a pour objectif d\u2019informer les utilisateurs du site de l\u2019entreprise BAIE PLAST sur la mani\u00e8re dont leurs donn\u00e9es personnelles sont collect\u00e9es, utilis\u00e9es et prot\u00e9g\u00e9es, conform\u00e9ment au R\u00e8glement G\u00e9n\u00e9ral sur la Protection des Donn\u00e9es (RGPD).<\/p>\t\t\t\t\t\t\t\t<\/div>\n\t\t\t\t<div class=\"elementor-element elementor-element-1dd0422 elementor-widget elementor-widget-text-editor\" data-id=\"1dd0422\" data-element_type=\"widget\" data-e-type=\"widget\" data-widget_type=\"text-editor.default\">\n\t\t\t\t\t\t\t\t\t<p><strong>Donn\u00e9es collect\u00e9es<\/strong><br \/>Nous pouvons collecter les donn\u00e9es suivantes via le site :<br \/>. Nom et pr\u00e9nom<br \/>\u00b7 Adresse e-mail<br \/>\u00b7 Num\u00e9ro de t\u00e9l\u00e9phone<br \/>. Toute information transmise via la page Acc\u00e8s PRO-Technique<\/p>\t\t\t\t\t\t\t\t<\/div>\n\t\t\t\t<div class=\"elementor-element elementor-element-eb033de elementor-widget elementor-widget-text-editor\" data-id=\"eb033de\" data-element_type=\"widget\" data-e-type=\"widget\" data-widget_type=\"text-editor.default\">\n\t\t\t\t\t\t\t\t\t<p><strong>Finalit\u00e9 de la collecte<\/strong><br \/>Les donn\u00e9es collect\u00e9es sont utilis\u00e9es uniquement pour :<br \/>. R\u00e9pondre aux demandes via le formulaire de contact<br \/>. \u00c9changer avec les prospects et clients<br \/>. Assurer le suivi des demandes commerciales<\/p>\t\t\t\t\t\t\t\t<\/div>\n\t\t\t\t<div class=\"elementor-element elementor-element-8843ee3 elementor-widget elementor-widget-text-editor\" data-id=\"8843ee3\" data-element_type=\"widget\" data-e-type=\"widget\" data-widget_type=\"text-editor.default\">\n\t\t\t\t\t\t\t\t\t<p><strong>Base l\u00e9gale<\/strong><br \/>La collecte des donn\u00e9es repose sur :<br \/>. Le consentement de l\u2019utilisateur (formulaire de contact)<br \/>. L\u2019inter\u00eat l\u00e9gitime pour r\u00e9pondre aux demandes entrantes.<\/p>\t\t\t\t\t\t\t\t<\/div>\n\t\t\t\t<div class=\"elementor-element elementor-element-1027fdb elementor-widget elementor-widget-text-editor\" data-id=\"1027fdb\" data-element_type=\"widget\" data-e-type=\"widget\" data-widget_type=\"text-editor.default\">\n\t\t\t\t\t\t\t\t\t<p><strong>Dur\u00e9e de conservation<\/strong><br \/>Les donn\u00e9es sont conserv\u00e9es pendant une dur\u00e9e maximale de 3 ans \u00e0 compter du dernier contact.<\/p>\t\t\t\t\t\t\t\t<\/div>\n\t\t\t\t<div class=\"elementor-element elementor-element-5caeec2 elementor-widget elementor-widget-text-editor\" data-id=\"5caeec2\" data-element_type=\"widget\" data-e-type=\"widget\" data-widget_type=\"text-editor.default\">\n\t\t\t\t\t\t\t\t\t<p><strong>Partage des donn\u00e9es<\/strong><br \/>Les donn\u00e9es personnelles ne sont ni vendues ni cedees \u00e0 des tiers.<br \/>Elles peuvent \u00eatre h\u00e9berg\u00e9es ou trait\u00e9es par des prestataires techniques (h\u00e9bergeur du site).<\/p>\t\t\t\t\t\t\t\t<\/div>\n\t\t\t\t<div class=\"elementor-element elementor-element-e4b309f elementor-widget elementor-widget-text-editor\" data-id=\"e4b309f\" data-element_type=\"widget\" data-e-type=\"widget\" data-widget_type=\"text-editor.default\">\n\t\t\t\t\t\t\t\t\t<p><strong>Cookies<\/strong><br \/>Le site peut utiliser des cookies a des fins de mesure d\u2019audience et d\u2019am\u00e9lioration de l\u2019exp\u00e9rience utilisateur. Un bandeau de consentement permet \u00e0 l\u2019utilisateur d\u2019accepter ou de refuser ces cookies.<\/p>\t\t\t\t\t\t\t\t<\/div>\n\t\t\t\t<div class=\"elementor-element elementor-element-29330f4 elementor-widget elementor-widget-text-editor\" data-id=\"29330f4\" data-element_type=\"widget\" data-e-type=\"widget\" data-widget_type=\"text-editor.default\">\n\t\t\t\t\t\t\t\t\t<p><strong>Droits des utilisateurs<\/strong><br \/>Conform\u00e9ment au RGPD, vous disposez des droits suivants :<br \/>. Droit d\u2019acc\u00e8s<br \/>. Droit de rectification<br \/>. Droit de suppression<br \/>. Droit d\u2019opposition<br \/>. Droit \u00e0 la limitation du traitement<br \/>Pour exercer ces droits, vous pouvez contacter Studio Tech\u2019Ailes : contact@tech-ailes.com<\/p>\t\t\t\t\t\t\t\t<\/div>\n\t\t\t\t<div class=\"elementor-element elementor-element-4e9c42c elementor-widget elementor-widget-text-editor\" data-id=\"4e9c42c\" data-element_type=\"widget\" data-e-type=\"widget\" data-widget_type=\"text-editor.default\">\n\t\t\t\t\t\t\t\t\t<p><strong>Responsable du traitement des donn\u00e9es<\/strong><br \/>Karine Colnel &#8211; Studio Tech\u2019Ailes<br \/>EI Karine Colnel \/ auto-entrepreneur<\/p>\t\t\t\t\t\t\t\t<\/div>\n\t\t\t\t<div class=\"elementor-element elementor-element-af5d217 elementor-widget elementor-widget-text-editor\" data-id=\"af5d217\" data-element_type=\"widget\" data-e-type=\"widget\" data-widget_type=\"text-editor.default\">\n\t\t\t\t\t\t\t\t\t<p><strong>S\u00e9curit\u00e9<\/strong><br \/>Nous mettons en \u0153uvre des mesures techniques et organisationnelles pour proteger les donn\u00e9es personnelles contre toute perte, acc\u00e8s non autoris\u00e9 ou divulgation.<\/p>\t\t\t\t\t\t\t\t<\/div>\n\t\t\t\t<div class=\"elementor-element elementor-element-277b7ee elementor-widget elementor-widget-text-editor\" data-id=\"277b7ee\" data-element_type=\"widget\" data-e-type=\"widget\" data-widget_type=\"text-editor.default\">\n\t\t\t\t\t\t\t\t\t<p><strong>Modification de la politique<\/strong><br \/>Cette politique peut \u00eatre modifi\u00e9e \u00e0 tout moment afin de garantir sa conformit\u00e9 avec la l\u00e9gislation en vigueur.<br \/>Derni\u00e8re mise \u00e0 jour : MARS 2026<\/p>\t\t\t\t\t\t\t\t<\/div>\n\t\t\t\t\t<\/div>\n\t\t<\/div>\n\t\t\t\t\t<\/div>\n\t\t<\/section>\n\t\t\t\t<\/div>\n\t\t","protected":false},"excerpt":{"rendered":"<p>Accueil ALU PVC Volets roulants Produits compl\u00e9mentaires Portes Vitrages Acc\u00e8s PRO \u2013 Technique Politique de confidentialit\u00e9 X Politique de confidentialit\u00e9 IntroductionLa pr\u00e9sente politique de confidentialit\u00e9 a pour objectif d\u2019informer les utilisateurs du site de l\u2019entreprise BAIE PLAST sur la mani\u00e8re dont leurs donn\u00e9es personnelles sont collect\u00e9es, utilis\u00e9es et prot\u00e9g\u00e9es, conform\u00e9ment au R\u00e8glement G\u00e9n\u00e9ral sur la Protection des Donn\u00e9es (RGPD). Donn\u00e9es collect\u00e9esNous pouvons collecter les donn\u00e9es suivantes via le site :. Nom et pr\u00e9nom\u00b7 Adresse e-mail\u00b7 Num\u00e9ro de t\u00e9l\u00e9phone. Toute information transmise via la page Acc\u00e8s PRO-Technique Finalit\u00e9 de la collecteLes donn\u00e9es collect\u00e9es sont utilis\u00e9es uniquement pour :. R\u00e9pondre aux demandes via le formulaire de contact. \u00c9changer avec les prospects et clients. Assurer le suivi des demandes commerciales Base l\u00e9galeLa collecte des donn\u00e9es repose sur :. Le consentement de l\u2019utilisateur (formulaire de contact). L\u2019inter\u00eat l\u00e9gitime pour r\u00e9pondre aux demandes entrantes. Dur\u00e9e de conservationLes donn\u00e9es sont conserv\u00e9es pendant une dur\u00e9e maximale de 3 ans \u00e0 compter du dernier contact. Partage des donn\u00e9esLes donn\u00e9es personnelles ne sont ni vendues ni cedees \u00e0 des tiers.Elles peuvent \u00eatre h\u00e9berg\u00e9es ou trait\u00e9es par des prestataires techniques (h\u00e9bergeur du site). CookiesLe site peut utiliser des cookies a des fins de mesure d\u2019audience et d\u2019am\u00e9lioration de l\u2019exp\u00e9rience utilisateur. Un bandeau de consentement permet \u00e0 l\u2019utilisateur d\u2019accepter ou de refuser ces cookies. Droits des utilisateursConform\u00e9ment au RGPD, vous disposez des droits suivants :. Droit d\u2019acc\u00e8s. Droit de rectification. Droit de suppression. Droit d\u2019opposition. Droit \u00e0 la limitation du traitementPour exercer ces droits, vous pouvez contacter Studio Tech\u2019Ailes : contact@tech-ailes.com Responsable du traitement des donn\u00e9esKarine Colnel &#8211; Studio Tech\u2019AilesEI Karine Colnel \/ auto-entrepreneur S\u00e9curit\u00e9Nous mettons en \u0153uvre des mesures techniques et organisationnelles pour proteger les donn\u00e9es personnelles contre toute perte, acc\u00e8s non autoris\u00e9 ou divulgation. Modification de la politiqueCette politique peut \u00eatre modifi\u00e9e \u00e0 tout moment afin de garantir sa conformit\u00e9 avec la l\u00e9gislation en vigueur.Derni\u00e8re mise \u00e0 jour : MARS 2026<\/p>\n","protected":false},"author":1,"featured_media":0,"parent":0,"menu_order":0,"comment_status":"closed","ping_status":"closed","template":"","meta":{"footnotes":""},"class_list":["post-1026","page","type-page","status-publish","hentry"],"_links":{"self":[{"href":"https:\/\/baie-plast.com\/index.php\/wp-json\/wp\/v2\/pages\/1026","targetHints":{"allow":["GET"]}}],"collection":[{"href":"https:\/\/baie-plast.com\/index.php\/wp-json\/wp\/v2\/pages"}],"about":[{"href":"https:\/\/baie-plast.com\/index.php\/wp-json\/wp\/v2\/types\/page"}],"author":[{"embeddable":true,"href":"https:\/\/baie-plast.com\/index.php\/wp-json\/wp\/v2\/users\/1"}],"replies":[{"embeddable":true,"href":"https:\/\/baie-plast.com\/index.php\/wp-json\/wp\/v2\/comments?post=1026"}],"version-history":[{"count":4,"href":"https:\/\/baie-plast.com\/index.php\/wp-json\/wp\/v2\/pages\/1026\/revisions"}],"predecessor-version":[{"id":1031,"href":"https:\/\/baie-plast.com\/index.php\/wp-json\/wp\/v2\/pages\/1026\/revisions\/1031"}],"wp:attachment":[{"href":"https:\/\/baie-plast.com\/index.php\/wp-json\/wp\/v2\/media?parent=1026"}],"curies":[{"name":"wp","href":"https:\/\/api.w.org\/{rel}","templated":true}]}}