{"id":982,"date":"2026-03-16T14:53:41","date_gmt":"2026-03-16T14:53:41","guid":{"rendered":"https:\/\/baie-plast.com\/?page_id=982"},"modified":"2026-03-16T16:44:30","modified_gmt":"2026-03-16T16:44:30","slug":"vitrages","status":"publish","type":"page","link":"https:\/\/baie-plast.com\/index.php\/vitrages\/","title":{"rendered":"Vitrages"},"content":{"rendered":"\t\t<div data-elementor-type=\"wp-page\" data-elementor-id=\"982\" class=\"elementor elementor-982\">\n\t\t\t\t\t\t<section class=\"elementor-section elementor-top-section elementor-element elementor-element-53ee6596 elementor-section-full_width elementor-section-height-default elementor-section-height-default wpr-particle-no wpr-jarallax-no wpr-parallax-no wpr-sticky-section-no\" data-id=\"53ee6596\" data-element_type=\"section\" data-e-type=\"section\" data-settings=\"{&quot;background_background&quot;:&quot;classic&quot;}\">\n\t\t\t\t\t\t<div class=\"elementor-container elementor-column-gap-default\">\n\t\t\t\t\t<div class=\"elementor-column elementor-col-100 elementor-top-column elementor-element elementor-element-a007fe8\" data-id=\"a007fe8\" data-element_type=\"column\" data-e-type=\"column\">\n\t\t\t<div class=\"elementor-widget-wrap elementor-element-populated\">\n\t\t\t\t\t\t<div class=\"elementor-element elementor-element-ed79d5d elementor-widget elementor-widget-ekit-nav-menu\" data-id=\"ed79d5d\" data-element_type=\"widget\" data-e-type=\"widget\" data-widget_type=\"ekit-nav-menu.default\">\n\t\t\t\t<div class=\"elementor-widget-container\">\n\t\t\t\t\t\t\t<nav class=\"ekit-wid-con ekit_menu_responsive_tablet\" \n\t\t\tdata-hamburger-icon=\"\" \n\t\t\tdata-hamburger-icon-type=\"icon\" \n\t\t\tdata-responsive-breakpoint=\"1024\">\n\t\t\t            <button class=\"elementskit-menu-hamburger elementskit-menu-toggler\"  type=\"button\" aria-label=\"hamburger-icon\">\n                                    <span class=\"elementskit-menu-hamburger-icon\"><\/span><span class=\"elementskit-menu-hamburger-icon\"><\/span><span class=\"elementskit-menu-hamburger-icon\"><\/span>\n                            <\/button>\n            <div id=\"ekit-megamenu-menu-bp\" class=\"elementskit-menu-container elementskit-menu-offcanvas-elements elementskit-navbar-nav-default ekit-nav-menu-one-page-no ekit-nav-dropdown-hover\"><ul id=\"menu-menu-bp\" class=\"elementskit-navbar-nav elementskit-menu-po-center submenu-click-on-icon\"><li id=\"menu-item-529\" class=\"menu-item menu-item-type-post_type menu-item-object-page menu-item-home menu-item-529 nav-item elementskit-mobile-builder-content\" data-vertical-menu=750px><a href=\"https:\/\/baie-plast.com\/\" class=\"ekit-menu-nav-link\">Accueil<\/a><\/li>\n<li id=\"menu-item-557\" class=\"menu-item menu-item-type-post_type menu-item-object-page menu-item-557 nav-item elementskit-mobile-builder-content\" data-vertical-menu=750px><a href=\"https:\/\/baie-plast.com\/index.php\/alu\/\" class=\"ekit-menu-nav-link\">ALU<\/a><\/li>\n<li id=\"menu-item-530\" class=\"menu-item menu-item-type-post_type menu-item-object-page menu-item-530 nav-item elementskit-mobile-builder-content\" data-vertical-menu=750px><a href=\"https:\/\/baie-plast.com\/index.php\/accueil\/pvc\/\" class=\"ekit-menu-nav-link\">PVC<\/a><\/li>\n<li id=\"menu-item-676\" class=\"menu-item menu-item-type-post_type menu-item-object-page menu-item-676 nav-item elementskit-mobile-builder-content\" data-vertical-menu=750px><a href=\"https:\/\/baie-plast.com\/index.php\/volets-roulants\/\" class=\"ekit-menu-nav-link\">Volets roulants<\/a><\/li>\n<li id=\"menu-item-675\" class=\"menu-item menu-item-type-post_type menu-item-object-page menu-item-675 nav-item elementskit-mobile-builder-content\" data-vertical-menu=750px><a href=\"https:\/\/baie-plast.com\/index.php\/produits-complementaires\/\" class=\"ekit-menu-nav-link\">Produits compl\u00e9mentaires<\/a><\/li>\n<li id=\"menu-item-851\" class=\"menu-item menu-item-type-post_type menu-item-object-page menu-item-851 nav-item elementskit-mobile-builder-content\" data-vertical-menu=750px><a href=\"https:\/\/baie-plast.com\/index.php\/portes\/\" class=\"ekit-menu-nav-link\">Portes<\/a><\/li>\n<li id=\"menu-item-983\" class=\"menu-item menu-item-type-post_type menu-item-object-page menu-item-983 nav-item elementskit-mobile-builder-content\" data-vertical-menu=750px><a href=\"https:\/\/baie-plast.com\/index.php\/vitrages\/\" class=\"ekit-menu-nav-link\">Vitrages<\/a><\/li>\n<li id=\"menu-item-531\" class=\"menu-item menu-item-type-post_type menu-item-object-page menu-item-531 nav-item elementskit-mobile-builder-content\" data-vertical-menu=750px><a href=\"https:\/\/baie-plast.com\/index.php\/acces-pro-technique\/\" class=\"ekit-menu-nav-link\">Acc\u00e8s PRO \u2013 Technique<\/a><\/li>\n<\/ul><div class=\"elementskit-nav-identity-panel\"><button class=\"elementskit-menu-close elementskit-menu-toggler\" type=\"button\">X<\/button><\/div><\/div>\t\t\t\n\t\t\t<div class=\"elementskit-menu-overlay elementskit-menu-offcanvas-elements elementskit-menu-toggler ekit-nav-menu--overlay\"><\/div>        <\/nav>\n\t\t\t\t\t\t<\/div>\n\t\t\t\t<\/div>\n\t\t\t\t\t<\/div>\n\t\t<\/div>\n\t\t\t\t\t<\/div>\n\t\t<\/section>\n\t\t<div class=\"elementor-element elementor-element-fc41685 e-flex e-con-boxed wpr-particle-no wpr-jarallax-no wpr-parallax-no wpr-sticky-section-no e-con e-parent\" data-id=\"fc41685\" data-element_type=\"container\" data-e-type=\"container\">\n\t\t\t\t\t<div class=\"e-con-inner\">\n\t\t\t\t<div class=\"elementor-element elementor-element-dfbbff7 elementor-widget elementor-widget-heading\" data-id=\"dfbbff7\" data-element_type=\"widget\" data-e-type=\"widget\" data-widget_type=\"heading.default\">\n\t\t\t\t\t<h2 class=\"elementor-heading-title elementor-size-default\">Parlons vitrages<\/h2>\t\t\t\t<\/div>\n\t\t\t\t\t<\/div>\n\t\t\t\t<\/div>\n\t\t<div class=\"elementor-element elementor-element-e77d89c e-flex e-con-boxed wpr-particle-no wpr-jarallax-no wpr-parallax-no wpr-sticky-section-no e-con e-parent\" data-id=\"e77d89c\" data-element_type=\"container\" data-e-type=\"container\" data-settings=\"{&quot;background_background&quot;:&quot;classic&quot;}\">\n\t\t\t\t\t<div class=\"e-con-inner\">\n\t\t\t\t<div class=\"elementor-element elementor-element-ef527e0 elementor-widget elementor-widget-heading\" data-id=\"ef527e0\" data-element_type=\"widget\" data-e-type=\"widget\" data-widget_type=\"heading.default\">\n\t\t\t\t\t<h2 class=\"elementor-heading-title elementor-size-default\">Trois alli\u00e9s pour vos fen\u00eatres et votre confort int\u00e9rieur<\/h2>\t\t\t\t<\/div>\n\t\t\t\t\t<\/div>\n\t\t\t\t<\/div>\n\t\t\t\t<section class=\"elementor-section elementor-top-section elementor-element elementor-element-6c378d8 elementor-section-full_width elementor-section-height-default elementor-section-height-default wpr-particle-no wpr-jarallax-no wpr-parallax-no wpr-sticky-section-no\" data-id=\"6c378d8\" data-element_type=\"section\" data-e-type=\"section\" data-settings=\"{&quot;background_background&quot;:&quot;classic&quot;}\">\n\t\t\t\t\t\t<div class=\"elementor-container elementor-column-gap-default\">\n\t\t\t\t\t<div class=\"elementor-column elementor-col-100 elementor-top-column elementor-element elementor-element-ae10d5f\" data-id=\"ae10d5f\" data-element_type=\"column\" data-e-type=\"column\">\n\t\t\t<div class=\"elementor-widget-wrap elementor-element-populated\">\n\t\t\t\t<div class=\"elementor-element elementor-element-9a7dbfc e-grid e-con-boxed wpr-particle-no wpr-jarallax-no wpr-parallax-no wpr-sticky-section-no e-con e-parent\" data-id=\"9a7dbfc\" data-element_type=\"container\" data-e-type=\"container\">\n\t\t\t\t\t<div class=\"e-con-inner\">\n\t\t\t\t<div class=\"elementor-element elementor-element-e84e508 elementor-widget elementor-widget-image\" data-id=\"e84e508\" data-element_type=\"widget\" data-e-type=\"widget\" data-widget_type=\"image.default\">\n\t\t\t\t\t\t\t\t\t\t\t\t\t\t\t<img fetchpriority=\"high\" decoding=\"async\" width=\"336\" height=\"377\" src=\"https:\/\/baie-plast.com\/wp-content\/uploads\/2026\/03\/vitrage-LUMI-.png\" class=\"attachment-large size-large wp-image-986\" alt=\"\" srcset=\"https:\/\/baie-plast.com\/wp-content\/uploads\/2026\/03\/vitrage-LUMI-.png 336w, https:\/\/baie-plast.com\/wp-content\/uploads\/2026\/03\/vitrage-LUMI--267x300.png 267w\" sizes=\"(max-width: 336px) 100vw, 336px\" \/>\t\t\t\t\t\t\t\t\t\t\t\t\t\t\t<\/div>\n\t\t\t\t<div class=\"elementor-element elementor-element-e4bbf8b elementor-widget elementor-widget-image\" data-id=\"e4bbf8b\" data-element_type=\"widget\" data-e-type=\"widget\" data-widget_type=\"image.default\">\n\t\t\t\t\t\t\t\t\t\t\t\t\t\t\t<img decoding=\"async\" width=\"336\" height=\"377\" src=\"https:\/\/baie-plast.com\/wp-content\/uploads\/2026\/03\/vitrage-SUN.png\" class=\"attachment-large size-large wp-image-988\" alt=\"\" srcset=\"https:\/\/baie-plast.com\/wp-content\/uploads\/2026\/03\/vitrage-SUN.png 336w, https:\/\/baie-plast.com\/wp-content\/uploads\/2026\/03\/vitrage-SUN-267x300.png 267w\" sizes=\"(max-width: 336px) 100vw, 336px\" \/>\t\t\t\t\t\t\t\t\t\t\t\t\t\t\t<\/div>\n\t\t\t\t<div class=\"elementor-element elementor-element-38f3d72 elementor-widget elementor-widget-image\" data-id=\"38f3d72\" data-element_type=\"widget\" data-e-type=\"widget\" data-widget_type=\"image.default\">\n\t\t\t\t\t\t\t\t\t\t\t\t\t\t\t<img decoding=\"async\" width=\"336\" height=\"377\" src=\"https:\/\/baie-plast.com\/wp-content\/uploads\/2026\/03\/vitrage-ZEN.png\" class=\"attachment-large size-large wp-image-987\" alt=\"\" srcset=\"https:\/\/baie-plast.com\/wp-content\/uploads\/2026\/03\/vitrage-ZEN.png 336w, https:\/\/baie-plast.com\/wp-content\/uploads\/2026\/03\/vitrage-ZEN-267x300.png 267w\" sizes=\"(max-width: 336px) 100vw, 336px\" \/>\t\t\t\t\t\t\t\t\t\t\t\t\t\t\t<\/div>\n\t\t\t\t\t<\/div>\n\t\t\t\t<\/div>\n\t\t<div class=\"elementor-element elementor-element-fd309fe e-grid e-con-boxed wpr-particle-no wpr-jarallax-no wpr-parallax-no wpr-sticky-section-no e-con e-parent\" data-id=\"fd309fe\" data-element_type=\"container\" data-e-type=\"container\">\n\t\t\t\t\t<div class=\"e-con-inner\">\n\t\t\t\t<div class=\"elementor-element elementor-element-29d50e5 elementor-widget elementor-widget-counter\" data-id=\"29d50e5\" data-element_type=\"widget\" data-e-type=\"widget\" data-widget_type=\"counter.default\">\n\t\t\t\t\t\t\t<div class=\"elementor-counter\">\n\t\t\t<div class=\"elementor-counter-title\">D\u2019apport de lumi\u00e8re naturelle <\/div>\t\t\t<div class=\"elementor-counter-number-wrapper\">\n\t\t\t\t<span class=\"elementor-counter-number-prefix\"><\/span>\n\t\t\t\t<span class=\"elementor-counter-number\" data-duration=\"2000\" data-to-value=\"83\" data-from-value=\"0\" data-delimiter=\",\">0<\/span>\n\t\t\t\t<span class=\"elementor-counter-number-suffix\">%<\/span>\n\t\t\t<\/div>\n\t\t<\/div>\n\t\t\t\t\t\t<\/div>\n\t\t\t\t<div class=\"elementor-element elementor-element-3d75ef1 elementor-widget elementor-widget-counter\" data-id=\"3d75ef1\" data-element_type=\"widget\" data-e-type=\"widget\" data-widget_type=\"counter.default\">\n\t\t\t\t\t\t\t<div class=\"elementor-counter\">\n\t\t\t<div class=\"elementor-counter-title\">De consommation d\u2019\u00e9nergie - nord France<\/div>\t\t\t<div class=\"elementor-counter-number-wrapper\">\n\t\t\t\t<span class=\"elementor-counter-number-prefix\"><\/span>\n\t\t\t\t<span class=\"elementor-counter-number\" data-duration=\"2000\" data-to-value=\"-10\" data-from-value=\"0\" data-delimiter=\",\">0<\/span>\n\t\t\t\t<span class=\"elementor-counter-number-suffix\">%<\/span>\n\t\t\t<\/div>\n\t\t<\/div>\n\t\t\t\t\t\t<\/div>\n\t\t\t\t<div class=\"elementor-element elementor-element-5e86bb6 elementor-widget elementor-widget-counter\" data-id=\"5e86bb6\" data-element_type=\"widget\" data-e-type=\"widget\" data-widget_type=\"counter.default\">\n\t\t\t\t\t\t\t<div class=\"elementor-counter\">\n\t\t\t<div class=\"elementor-counter-title\">De consommation d\u2019\u00e9nergie<\/div>\t\t\t<div class=\"elementor-counter-number-wrapper\">\n\t\t\t\t<span class=\"elementor-counter-number-prefix\"><\/span>\n\t\t\t\t<span class=\"elementor-counter-number\" data-duration=\"2000\" data-to-value=\"-16\" data-from-value=\"0\" data-delimiter=\",\">0<\/span>\n\t\t\t\t<span class=\"elementor-counter-number-suffix\">%<\/span>\n\t\t\t<\/div>\n\t\t<\/div>\n\t\t\t\t\t\t<\/div>\n\t\t\t\t\t<\/div>\n\t\t\t\t<\/div>\n\t\t<div class=\"elementor-element elementor-element-b5663a4 e-grid e-con-boxed wpr-particle-no wpr-jarallax-no wpr-parallax-no wpr-sticky-section-no e-con e-parent\" data-id=\"b5663a4\" data-element_type=\"container\" data-e-type=\"container\">\n\t\t\t\t\t<div class=\"e-con-inner\">\n\t\t\t\t<div class=\"elementor-element elementor-element-00d2920 elementor-widget elementor-widget-tfpiechart\" data-id=\"00d2920\" data-element_type=\"widget\" data-e-type=\"widget\" data-widget_type=\"tfpiechart.default\">\n\t\t\t\t<div class=\"elementor-widget-container\">\n\t\t\t\t\t        <div id=\"tf-pie-chart-00d2920\" class=\"tf-pie-chart position-left style1\" data-tabid=\"00d2920\">\r\n            <div class=\"tf-pie-chart-inner\">\r\n\r\n                                                    \r\n                <div class=\"pie-chart\">\r\n                    <div class=\"chart-percent\">\r\n                        <span class=\"chart\" data-percent=\"10\" data-width=\"7\" data-size=\"90\" data-color=\"#3858e9\" data-trackcolor=\"#f1fafb\">\r\n                            <span class=\"percent\"><\/span>\r\n                        <\/span>\r\n                    <\/div>\r\n                <\/div>\r\n\r\n                                                            <div class=\"pie-chart-content\">\r\n                            <h2 class=\"tf-piechart-title\">+ 10 % de gain de lumi\u00e8re naturelle <\/h2>\r\n                            <p class=\"tf-piechart-description\"><\/p>\r\n                        <\/div>\r\n                                                <\/div>\r\n        <\/div>\r\n        \t\t\t\t<\/div>\n\t\t\t\t<\/div>\n\t\t\t\t<div class=\"elementor-element elementor-element-3fb47fb elementor-widget elementor-widget-tfpiechart\" data-id=\"3fb47fb\" data-element_type=\"widget\" data-e-type=\"widget\" data-widget_type=\"tfpiechart.default\">\n\t\t\t\t<div class=\"elementor-widget-container\">\n\t\t\t\t\t        <div id=\"tf-pie-chart-3fb47fb\" class=\"tf-pie-chart position-left style1\" data-tabid=\"3fb47fb\">\r\n            <div class=\"tf-pie-chart-inner\">\r\n\r\n                                                    \r\n                <div class=\"pie-chart\">\r\n                    <div class=\"chart-percent\">\r\n                        <span class=\"chart\" data-percent=\"56\" data-width=\"7\" data-size=\"90\" data-color=\"#3858e9\" data-trackcolor=\"#f1fafb\">\r\n                            <span class=\"percent\"><\/span>\r\n                        <\/span>\r\n                    <\/div>\r\n                <\/div>\r\n\r\n                                                            <div class=\"pie-chart-content\">\r\n                            <h2 class=\"tf-piechart-title\">- 56 % de p\u00e9riode de surchauffe <\/h2>\r\n                            <p class=\"tf-piechart-description\"><\/p>\r\n                        <\/div>\r\n                                                <\/div>\r\n        <\/div>\r\n        \t\t\t\t<\/div>\n\t\t\t\t<\/div>\n\t\t\t\t<div class=\"elementor-element elementor-element-6a52ea3 elementor-widget elementor-widget-tfpiechart\" data-id=\"6a52ea3\" data-element_type=\"widget\" data-e-type=\"widget\" data-widget_type=\"tfpiechart.default\">\n\t\t\t\t<div class=\"elementor-widget-container\">\n\t\t\t\t\t        <div id=\"tf-pie-chart-6a52ea3\" class=\"tf-pie-chart position-left style1\" data-tabid=\"6a52ea3\">\r\n            <div class=\"tf-pie-chart-inner\">\r\n\r\n                                                    \r\n                <div class=\"pie-chart\">\r\n                    <div class=\"chart-percent\">\r\n                        <span class=\"chart\" data-percent=\"34\" data-width=\"7\" data-size=\"90\" data-color=\"#3858e9\" data-trackcolor=\"#f1fafb\">\r\n                            <span class=\"percent\"><\/span>\r\n                        <\/span>\r\n                    <\/div>\r\n                <\/div>\r\n\r\n                                                            <div class=\"pie-chart-content\">\r\n                            <h2 class=\"tf-piechart-title\">- 34 % de p\u00e9riode de surchauffe <\/h2>\r\n                            <p class=\"tf-piechart-description\"><\/p>\r\n                        <\/div>\r\n                                                <\/div>\r\n        <\/div>\r\n        \t\t\t\t<\/div>\n\t\t\t\t<\/div>\n\t\t\t\t\t<\/div>\n\t\t\t\t<\/div>\n\t\t<div class=\"elementor-element elementor-element-ac6312e e-grid e-con-boxed wpr-particle-no wpr-jarallax-no wpr-parallax-no wpr-sticky-section-no e-con e-parent\" data-id=\"ac6312e\" data-element_type=\"container\" data-e-type=\"container\">\n\t\t\t\t\t<div class=\"e-con-inner\">\n\t\t\t\t<div class=\"elementor-element elementor-element-3243a0e elementor-widget elementor-widget-image\" data-id=\"3243a0e\" data-element_type=\"widget\" data-e-type=\"widget\" data-widget_type=\"image.default\">\n\t\t\t\t\t\t\t\t\t\t\t\t\t\t\t<img loading=\"lazy\" decoding=\"async\" width=\"703\" height=\"432\" src=\"https:\/\/baie-plast.com\/wp-content\/uploads\/2026\/03\/transmi-lumineuse.png\" class=\"attachment-large size-large wp-image-989\" alt=\"\" srcset=\"https:\/\/baie-plast.com\/wp-content\/uploads\/2026\/03\/transmi-lumineuse.png 703w, https:\/\/baie-plast.com\/wp-content\/uploads\/2026\/03\/transmi-lumineuse-300x184.png 300w\" sizes=\"(max-width: 703px) 100vw, 703px\" \/>\t\t\t\t\t\t\t\t\t\t\t\t\t\t\t<\/div>\n\t\t\t\t<div class=\"elementor-element elementor-element-a09798c elementor-widget elementor-widget-image\" data-id=\"a09798c\" data-element_type=\"widget\" data-e-type=\"widget\" data-widget_type=\"image.default\">\n\t\t\t\t\t\t\t\t\t\t\t\t\t\t\t<img loading=\"lazy\" decoding=\"async\" width=\"702\" height=\"432\" src=\"https:\/\/baie-plast.com\/wp-content\/uploads\/2026\/03\/facteur-solaire.png\" class=\"attachment-large size-large wp-image-990\" alt=\"\" srcset=\"https:\/\/baie-plast.com\/wp-content\/uploads\/2026\/03\/facteur-solaire.png 702w, https:\/\/baie-plast.com\/wp-content\/uploads\/2026\/03\/facteur-solaire-300x185.png 300w\" sizes=\"(max-width: 702px) 100vw, 702px\" \/>\t\t\t\t\t\t\t\t\t\t\t\t\t\t\t<\/div>\n\t\t\t\t<div class=\"elementor-element elementor-element-f2e0018 elementor-widget elementor-widget-image\" data-id=\"f2e0018\" data-element_type=\"widget\" data-e-type=\"widget\" data-widget_type=\"image.default\">\n\t\t\t\t\t\t\t\t\t\t\t\t\t\t\t<img loading=\"lazy\" decoding=\"async\" width=\"704\" height=\"432\" src=\"https:\/\/baie-plast.com\/wp-content\/uploads\/2026\/03\/coefficient.png\" class=\"attachment-large size-large wp-image-991\" alt=\"\" srcset=\"https:\/\/baie-plast.com\/wp-content\/uploads\/2026\/03\/coefficient.png 704w, https:\/\/baie-plast.com\/wp-content\/uploads\/2026\/03\/coefficient-300x184.png 300w\" sizes=\"(max-width: 704px) 100vw, 704px\" \/>\t\t\t\t\t\t\t\t\t\t\t\t\t\t\t<\/div>\n\t\t\t\t\t<\/div>\n\t\t\t\t<\/div>\n\t\t\t\t\t<\/div>\n\t\t<\/div>\n\t\t\t\t\t<\/div>\n\t\t<\/section>\n\t\t<div class=\"elementor-element elementor-element-e2bef72 e-flex e-con-boxed wpr-particle-no wpr-jarallax-no wpr-parallax-no wpr-sticky-section-no e-con e-parent\" data-id=\"e2bef72\" data-element_type=\"container\" data-e-type=\"container\" data-settings=\"{&quot;background_background&quot;:&quot;classic&quot;}\">\n\t\t\t\t\t<div class=\"e-con-inner\">\n\t\t\t\t<div class=\"elementor-element elementor-element-b715c34 elementor-align-center elementor-widget elementor-widget-button\" data-id=\"b715c34\" data-element_type=\"widget\" data-e-type=\"widget\" data-widget_type=\"button.default\">\n\t\t\t\t\t\t\t\t\t\t<a class=\"elementor-button elementor-button-link elementor-size-sm\" href=\"https:\/\/baieplast.saintgobainglassadvisor.com\/\" target=\"_blank\">\n\t\t\t\t\t\t<span class=\"elementor-button-content-wrapper\">\n\t\t\t\t\t\t\t\t\t<span class=\"elementor-button-text\">POUR EN SAVOIR PLUS<\/span>\n\t\t\t\t\t<\/span>\n\t\t\t\t\t<\/a>\n\t\t\t\t\t\t\t\t<\/div>\n\t\t\t\t\t<\/div>\n\t\t\t\t<\/div>\n\t\t\t\t<\/div>\n\t\t","protected":false},"excerpt":{"rendered":"<p>Accueil ALU PVC Volets roulants Produits compl\u00e9mentaires Portes Vitrages Acc\u00e8s PRO \u2013 Technique X Parlons vitrages Trois alli\u00e9s pour vos fen\u00eatres et votre confort int\u00e9rieur D\u2019apport de lumi\u00e8re naturelle 0 % De consommation d\u2019\u00e9nergie &#8211; nord France 0 % De consommation d\u2019\u00e9nergie 0 % + 10 % de gain de lumi\u00e8re naturelle &#8211; 56 % de p\u00e9riode de surchauffe &#8211; 34 % de p\u00e9riode de surchauffe POUR EN SAVOIR PLUS<\/p>\n","protected":false},"author":1,"featured_media":0,"parent":0,"menu_order":0,"comment_status":"closed","ping_status":"closed","template":"","meta":{"footnotes":""},"class_list":["post-982","page","type-page","status-publish","hentry"],"_links":{"self":[{"href":"https:\/\/baie-plast.com\/index.php\/wp-json\/wp\/v2\/pages\/982","targetHints":{"allow":["GET"]}}],"collection":[{"href":"https:\/\/baie-plast.com\/index.php\/wp-json\/wp\/v2\/pages"}],"about":[{"href":"https:\/\/baie-plast.com\/index.php\/wp-json\/wp\/v2\/types\/page"}],"author":[{"embeddable":true,"href":"https:\/\/baie-plast.com\/index.php\/wp-json\/wp\/v2\/users\/1"}],"replies":[{"embeddable":true,"href":"https:\/\/baie-plast.com\/index.php\/wp-json\/wp\/v2\/comments?post=982"}],"version-history":[{"count":4,"href":"https:\/\/baie-plast.com\/index.php\/wp-json\/wp\/v2\/pages\/982\/revisions"}],"predecessor-version":[{"id":994,"href":"https:\/\/baie-plast.com\/index.php\/wp-json\/wp\/v2\/pages\/982\/revisions\/994"}],"wp:attachment":[{"href":"https:\/\/baie-plast.com\/index.php\/wp-json\/wp\/v2\/media?parent=982"}],"curies":[{"name":"wp","href":"https:\/\/api.w.org\/{rel}","templated":true}]}}